{"id":12480,"date":"2026-01-04T18:28:52","date_gmt":"2026-01-04T17:28:52","guid":{"rendered":"https:\/\/edoucet-bienetre.fr\/wordpress\/?page_id=12480"},"modified":"2026-04-14T18:08:45","modified_gmt":"2026-04-14T16:08:45","slug":"tarifs","status":"publish","type":"page","link":"https:\/\/edoucet-bienetre.fr\/wordpress\/tarifs\/","title":{"rendered":"TARIFS"},"content":{"rendered":"\t\t<div data-elementor-type=\"wp-page\" data-elementor-id=\"12480\" class=\"elementor elementor-12480\">\n\t\t\t\t\t\t<section class=\"elementor-section elementor-top-section elementor-element elementor-element-9e24c07 elementor-section-boxed elementor-section-height-default elementor-section-height-default\" data-id=\"9e24c07\" data-element_type=\"section\">\n\t\t\t\t\t\t<div class=\"elementor-container elementor-column-gap-default\">\n\t\t\t\t\t<div class=\"elementor-column elementor-col-100 elementor-top-column elementor-element elementor-element-79368d6\" data-id=\"79368d6\" data-element_type=\"column\">\n\t\t\t<div class=\"elementor-widget-wrap elementor-element-populated\">\n\t\t\t\t\t\t<div class=\"elementor-element elementor-element-421409d elementor-widget elementor-widget-image\" data-id=\"421409d\" data-element_type=\"widget\" data-widget_type=\"image.default\">\n\t\t\t\t<div class=\"elementor-widget-container\">\n\t\t\t\t\t\t\t\t\t\t\t\t\t\t\t<img fetchpriority=\"high\" decoding=\"async\" width=\"824\" height=\"1024\" src=\"https:\/\/edoucet-bienetre.fr\/wordpress\/wp-content\/uploads\/2026\/04\/cropped-grille20tarifaire20202620-20avril-page-001-1-824x1024.png\" class=\"attachment-large size-large wp-image-12647\" alt=\"\" srcset=\"https:\/\/edoucet-bienetre.fr\/wordpress\/wp-content\/uploads\/2026\/04\/cropped-grille20tarifaire20202620-20avril-page-001-1-824x1024.png 824w, https:\/\/edoucet-bienetre.fr\/wordpress\/wp-content\/uploads\/2026\/04\/cropped-grille20tarifaire20202620-20avril-page-001-1-241x300.png 241w, https:\/\/edoucet-bienetre.fr\/wordpress\/wp-content\/uploads\/2026\/04\/cropped-grille20tarifaire20202620-20avril-page-001-1-768x955.png 768w, https:\/\/edoucet-bienetre.fr\/wordpress\/wp-content\/uploads\/2026\/04\/cropped-grille20tarifaire20202620-20avril-page-001-1-500x622.png 500w, https:\/\/edoucet-bienetre.fr\/wordpress\/wp-content\/uploads\/2026\/04\/cropped-grille20tarifaire20202620-20avril-page-001-1-800x995.png 800w, https:\/\/edoucet-bienetre.fr\/wordpress\/wp-content\/uploads\/2026\/04\/cropped-grille20tarifaire20202620-20avril-page-001-1.png 1023w\" sizes=\"(max-width: 824px) 100vw, 824px\" \/>\t\t\t\t\t\t\t\t\t\t\t\t\t\t\t<\/div>\n\t\t\t\t<\/div>\n\t\t\t\t\t<\/div>\n\t\t<\/div>\n\t\t\t\t\t<\/div>\n\t\t<\/section>\n\t\t\t\t<section class=\"elementor-section elementor-top-section elementor-element elementor-element-bc01321 elementor-section-boxed elementor-section-height-default elementor-section-height-default\" data-id=\"bc01321\" data-element_type=\"section\">\n\t\t\t\t\t\t<div class=\"elementor-container elementor-column-gap-default\">\n\t\t\t\t\t<div class=\"elementor-column elementor-col-33 elementor-top-column elementor-element elementor-element-49bc491\" data-id=\"49bc491\" data-element_type=\"column\">\n\t\t\t<div class=\"elementor-widget-wrap elementor-element-populated\">\n\t\t\t\t\t\t<div class=\"elementor-element elementor-element-59c4132 elementor-widget elementor-widget-text-editor\" data-id=\"59c4132\" data-element_type=\"widget\" data-widget_type=\"text-editor.default\">\n\t\t\t\t<div class=\"elementor-widget-container\">\n\t\t\t\t\t\t\t\t\t<p>Cliquer ici pour voir la disponibilit\u00e9 et r\u00e9server en ligne<\/p>\t\t\t\t\t\t\t\t<\/div>\n\t\t\t\t<\/div>\n\t\t\t\t<div class=\"elementor-element elementor-element-0a15c5f elementor-align-center elementor-widget elementor-widget-button\" data-id=\"0a15c5f\" data-element_type=\"widget\" data-widget_type=\"button.default\">\n\t\t\t\t<div class=\"elementor-widget-container\">\n\t\t\t\t\t\t\t\t\t<div class=\"elementor-button-wrapper\">\n\t\t\t\t\t<a class=\"elementor-button elementor-button-link elementor-size-xs\" href=\"https:\/\/edoucet-bienetre.fr\/wordpress\/reserver-en-ligne\/\">\n\t\t\t\t\t\t<span class=\"elementor-button-content-wrapper\">\n\t\t\t\t\t\t<span class=\"elementor-button-icon\">\n\t\t\t\t<i aria-hidden=\"true\" class=\"far fa-calendar-alt\"><\/i>\t\t\t<\/span>\n\t\t\t\t\t\t\t\t\t<span class=\"elementor-button-text\">R\u00e9server<\/span>\n\t\t\t\t\t<\/span>\n\t\t\t\t\t<\/a>\n\t\t\t\t<\/div>\n\t\t\t\t\t\t\t\t<\/div>\n\t\t\t\t<\/div>\n\t\t\t\t\t<\/div>\n\t\t<\/div>\n\t\t\t\t<div class=\"elementor-column elementor-col-33 elementor-top-column elementor-element elementor-element-7cd7b05\" data-id=\"7cd7b05\" data-element_type=\"column\">\n\t\t\t<div class=\"elementor-widget-wrap elementor-element-populated\">\n\t\t\t\t\t\t<div class=\"elementor-element elementor-element-edcec65 elementor-widget elementor-widget-text-editor\" data-id=\"edcec65\" data-element_type=\"widget\" data-widget_type=\"text-editor.default\">\n\t\t\t\t<div class=\"elementor-widget-container\">\n\t\t\t\t\t\t\t\t\t<p>Les \u00ab\u00a0<b>Forfaits\u00a0\u00bb <\/b>et le <em><strong>massage \u00ab\u00a0Relaxant aux Huiles\u00a0\u00bb<\/strong><\/em> (1H ou 1H30) ne sont pas r\u00e9servables en ligne<\/p><p>Merci de me contacter au<\/p><p>06 29 63 25 55<\/p>\t\t\t\t\t\t\t\t<\/div>\n\t\t\t\t<\/div>\n\t\t\t\t\t<\/div>\n\t\t<\/div>\n\t\t\t\t<div class=\"elementor-column elementor-col-33 elementor-top-column elementor-element elementor-element-5dc002e\" data-id=\"5dc002e\" data-element_type=\"column\">\n\t\t\t<div class=\"elementor-widget-wrap elementor-element-populated\">\n\t\t\t\t\t\t<div class=\"elementor-element elementor-element-0cda7de elementor-widget elementor-widget-text-editor\" data-id=\"0cda7de\" data-element_type=\"widget\" data-widget_type=\"text-editor.default\">\n\t\t\t\t<div class=\"elementor-widget-container\">\n\t\t\t\t\t\t\t\t\t<p>Cliquer ici pour commander une Carte-Cadeau<\/p>\t\t\t\t\t\t\t\t<\/div>\n\t\t\t\t<\/div>\n\t\t\t\t<div class=\"elementor-element elementor-element-6d7e509 elementor-align-center elementor-widget elementor-widget-button\" data-id=\"6d7e509\" data-element_type=\"widget\" data-widget_type=\"button.default\">\n\t\t\t\t<div class=\"elementor-widget-container\">\n\t\t\t\t\t\t\t\t\t<div class=\"elementor-button-wrapper\">\n\t\t\t\t\t<a class=\"elementor-button elementor-button-link elementor-size-xs\" href=\"https:\/\/edoucet-bienetre.fr\/wordpress\/carte-kdo-maj\/\">\n\t\t\t\t\t\t<span class=\"elementor-button-content-wrapper\">\n\t\t\t\t\t\t<span class=\"elementor-button-icon\">\n\t\t\t\t<i aria-hidden=\"true\" class=\"fas fa-arrow-circle-right\"><\/i>\t\t\t<\/span>\n\t\t\t\t\t\t\t\t\t<span class=\"elementor-button-text\">Commander<\/span>\n\t\t\t\t\t<\/span>\n\t\t\t\t\t<\/a>\n\t\t\t\t<\/div>\n\t\t\t\t\t\t\t\t<\/div>\n\t\t\t\t<\/div>\n\t\t\t\t\t<\/div>\n\t\t<\/div>\n\t\t\t\t\t<\/div>\n\t\t<\/section>\n\t\t\t\t<\/div>\n\t\t","protected":false},"excerpt":{"rendered":"<p>Cliquer ici pour voir la disponibilit\u00e9 et r\u00e9server en ligne R\u00e9server Les \u00ab\u00a0Forfaits\u00a0\u00bb et le massage \u00ab\u00a0Relaxant aux Huiles\u00a0\u00bb (1H ou 1H30) ne sont pas r\u00e9servables en ligne Merci de me contacter au 06 29 63 25 55 Cliquer ici pour commander une Carte-Cadeau Commander<\/p>\n","protected":false},"author":2,"featured_media":0,"parent":0,"menu_order":0,"comment_status":"closed","ping_status":"closed","template":"","meta":{"footnotes":""},"class_list":["post-12480","page","type-page","status-publish","hentry"],"_links":{"self":[{"href":"https:\/\/edoucet-bienetre.fr\/wordpress\/wp-json\/wp\/v2\/pages\/12480","targetHints":{"allow":["GET"]}}],"collection":[{"href":"https:\/\/edoucet-bienetre.fr\/wordpress\/wp-json\/wp\/v2\/pages"}],"about":[{"href":"https:\/\/edoucet-bienetre.fr\/wordpress\/wp-json\/wp\/v2\/types\/page"}],"author":[{"embeddable":true,"href":"https:\/\/edoucet-bienetre.fr\/wordpress\/wp-json\/wp\/v2\/users\/2"}],"replies":[{"embeddable":true,"href":"https:\/\/edoucet-bienetre.fr\/wordpress\/wp-json\/wp\/v2\/comments?post=12480"}],"version-history":[{"count":16,"href":"https:\/\/edoucet-bienetre.fr\/wordpress\/wp-json\/wp\/v2\/pages\/12480\/revisions"}],"predecessor-version":[{"id":12650,"href":"https:\/\/edoucet-bienetre.fr\/wordpress\/wp-json\/wp\/v2\/pages\/12480\/revisions\/12650"}],"wp:attachment":[{"href":"https:\/\/edoucet-bienetre.fr\/wordpress\/wp-json\/wp\/v2\/media?parent=12480"}],"curies":[{"name":"wp","href":"https:\/\/api.w.org\/{rel}","templated":true}]}}