{"id":12566,"date":"2026-03-23T21:45:12","date_gmt":"2026-03-23T20:45:12","guid":{"rendered":"https:\/\/edoucet-bienetre.fr\/wordpress\/?page_id=12566"},"modified":"2026-03-23T21:50:39","modified_gmt":"2026-03-23T20:50:39","slug":"visualisation-ckdo","status":"publish","type":"page","link":"https:\/\/edoucet-bienetre.fr\/wordpress\/visualisation-ckdo\/","title":{"rendered":"Visualisation CKDO"},"content":{"rendered":"\t\t<div data-elementor-type=\"wp-page\" data-elementor-id=\"12566\" class=\"elementor elementor-12566\">\n\t\t\t\t\t\t<section class=\"elementor-section elementor-top-section elementor-element elementor-element-884b843 elementor-section-boxed elementor-section-height-default elementor-section-height-default\" data-id=\"884b843\" data-element_type=\"section\">\n\t\t\t\t\t\t<div class=\"elementor-container elementor-column-gap-default\">\n\t\t\t\t\t<div class=\"elementor-column elementor-col-100 elementor-top-column elementor-element elementor-element-186c545\" data-id=\"186c545\" data-element_type=\"column\">\n\t\t\t<div class=\"elementor-widget-wrap elementor-element-populated\">\n\t\t\t\t\t\t<div class=\"elementor-element elementor-element-d7fb703 elementor-widget elementor-widget-heading\" data-id=\"d7fb703\" data-element_type=\"widget\" data-widget_type=\"heading.default\">\n\t\t\t\t<div class=\"elementor-widget-container\">\n\t\t\t\t\t<h2 class=\"elementor-heading-title elementor-size-default\">Pour visualiser la carte-cadeau que vous souhaitez offrir cliquez sur l'image<\/h2>\t\t\t\t<\/div>\n\t\t\t\t<\/div>\n\t\t\t\t\t<\/div>\n\t\t<\/div>\n\t\t\t\t\t<\/div>\n\t\t<\/section>\n\t\t\t\t<section class=\"elementor-section elementor-inner-section elementor-element elementor-element-50873b91 elementor-section-boxed elementor-section-height-default elementor-section-height-default\" data-id=\"50873b91\" data-element_type=\"section\" data-settings=\"{&quot;background_background&quot;:&quot;classic&quot;}\">\n\t\t\t\t\t\t<div class=\"elementor-container elementor-column-gap-default\">\n\t\t\t\t\t<div class=\"elementor-column elementor-col-25 elementor-inner-column elementor-element elementor-element-1b2bd812\" data-id=\"1b2bd812\" data-element_type=\"column\">\n\t\t\t<div class=\"elementor-widget-wrap elementor-element-populated\">\n\t\t\t\t\t\t<div class=\"elementor-element elementor-element-7fdb3ffb elementor-widget elementor-widget-image\" data-id=\"7fdb3ffb\" data-element_type=\"widget\" data-widget_type=\"image.default\">\n\t\t\t\t<div class=\"elementor-widget-container\">\n\t\t\t\t\t\t\t\t\t\t\t\t\t\t\t\t<a href=\"https:\/\/edoucet-bienetre.fr\/wordpress\/ckdo-basique\/\">\n\t\t\t\t\t\t\t<img fetchpriority=\"high\" decoding=\"async\" width=\"300\" height=\"200\" src=\"https:\/\/edoucet-bienetre.fr\/wordpress\/wp-content\/uploads\/2022\/05\/birthday-3824667_1920-300x200.jpg\" class=\"attachment-medium size-medium wp-image-9303\" alt=\"\" srcset=\"https:\/\/edoucet-bienetre.fr\/wordpress\/wp-content\/uploads\/2022\/05\/birthday-3824667_1920-300x200.jpg 300w, https:\/\/edoucet-bienetre.fr\/wordpress\/wp-content\/uploads\/2022\/05\/birthday-3824667_1920-1024x683.jpg 1024w, https:\/\/edoucet-bienetre.fr\/wordpress\/wp-content\/uploads\/2022\/05\/birthday-3824667_1920-768x512.jpg 768w, https:\/\/edoucet-bienetre.fr\/wordpress\/wp-content\/uploads\/2022\/05\/birthday-3824667_1920-1536x1024.jpg 1536w, https:\/\/edoucet-bienetre.fr\/wordpress\/wp-content\/uploads\/2022\/05\/birthday-3824667_1920-500x333.jpg 500w, https:\/\/edoucet-bienetre.fr\/wordpress\/wp-content\/uploads\/2022\/05\/birthday-3824667_1920-800x533.jpg 800w, https:\/\/edoucet-bienetre.fr\/wordpress\/wp-content\/uploads\/2022\/05\/birthday-3824667_1920-1280x853.jpg 1280w, https:\/\/edoucet-bienetre.fr\/wordpress\/wp-content\/uploads\/2022\/05\/birthday-3824667_1920.jpg 1920w\" sizes=\"(max-width: 300px) 100vw, 300px\" \/>\t\t\t\t\t\t\t\t<\/a>\n\t\t\t\t\t\t\t\t\t\t\t\t\t\t\t<\/div>\n\t\t\t\t<\/div>\n\t\t\t\t<div class=\"elementor-element elementor-element-2d19d443 elementor-widget elementor-widget-heading\" data-id=\"2d19d443\" data-element_type=\"widget\" data-widget_type=\"heading.default\">\n\t\t\t\t<div class=\"elementor-widget-container\">\n\t\t\t\t\t<h2 class=\"elementor-heading-title elementor-size-default\"><a href=\"https:\/\/edoucet-bienetre.fr\/wordpress\/ckdo-basique\/\">Pour toute occasion<\/a><\/h2>\t\t\t\t<\/div>\n\t\t\t\t<\/div>\n\t\t\t\t\t<\/div>\n\t\t<\/div>\n\t\t\t\t<div class=\"elementor-column elementor-col-25 elementor-inner-column elementor-element elementor-element-6696469a\" data-id=\"6696469a\" data-element_type=\"column\">\n\t\t\t<div class=\"elementor-widget-wrap elementor-element-populated\">\n\t\t\t\t\t\t<div class=\"elementor-element elementor-element-73158290 elementor-widget elementor-widget-image\" data-id=\"73158290\" data-element_type=\"widget\" data-widget_type=\"image.default\">\n\t\t\t\t<div class=\"elementor-widget-container\">\n\t\t\t\t\t\t\t\t\t\t\t\t\t\t\t\t<a href=\"https:\/\/edoucet-bienetre.fr\/wordpress\/ckdo-fete-parents\/\">\n\t\t\t\t\t\t\t<img decoding=\"async\" width=\"300\" height=\"200\" src=\"https:\/\/edoucet-bienetre.fr\/wordpress\/wp-content\/uploads\/2021\/01\/baby-2717347_1920-300x200.jpg\" class=\"attachment-medium size-medium wp-image-158\" alt=\"\" srcset=\"https:\/\/edoucet-bienetre.fr\/wordpress\/wp-content\/uploads\/2021\/01\/baby-2717347_1920-300x200.jpg 300w, https:\/\/edoucet-bienetre.fr\/wordpress\/wp-content\/uploads\/2021\/01\/baby-2717347_1920-1024x683.jpg 1024w, https:\/\/edoucet-bienetre.fr\/wordpress\/wp-content\/uploads\/2021\/01\/baby-2717347_1920-768x512.jpg 768w, https:\/\/edoucet-bienetre.fr\/wordpress\/wp-content\/uploads\/2021\/01\/baby-2717347_1920-1536x1024.jpg 1536w, https:\/\/edoucet-bienetre.fr\/wordpress\/wp-content\/uploads\/2021\/01\/baby-2717347_1920.jpg 1920w\" sizes=\"(max-width: 300px) 100vw, 300px\" \/>\t\t\t\t\t\t\t\t<\/a>\n\t\t\t\t\t\t\t\t\t\t\t\t\t\t\t<\/div>\n\t\t\t\t<\/div>\n\t\t\t\t<div class=\"elementor-element elementor-element-65bd70fc elementor-widget elementor-widget-heading\" data-id=\"65bd70fc\" data-element_type=\"widget\" data-widget_type=\"heading.default\">\n\t\t\t\t<div class=\"elementor-widget-container\">\n\t\t\t\t\t<h2 class=\"elementor-heading-title elementor-size-default\"><a href=\"https:\/\/edoucet-bienetre.fr\/wordpress\/ckdo-fete-parents\/\">F\u00eate des m\u00e8res &amp; F\u00eate des p\u00e8res<\/a><\/h2>\t\t\t\t<\/div>\n\t\t\t\t<\/div>\n\t\t\t\t\t<\/div>\n\t\t<\/div>\n\t\t\t\t<div class=\"elementor-column elementor-col-25 elementor-inner-column elementor-element elementor-element-13cf294f\" data-id=\"13cf294f\" data-element_type=\"column\">\n\t\t\t<div class=\"elementor-widget-wrap elementor-element-populated\">\n\t\t\t\t\t\t<div class=\"elementor-element elementor-element-5a077348 elementor-widget elementor-widget-image\" data-id=\"5a077348\" data-element_type=\"widget\" data-widget_type=\"image.default\">\n\t\t\t\t<div class=\"elementor-widget-container\">\n\t\t\t\t\t\t\t\t\t\t\t\t\t\t\t\t<a href=\"https:\/\/edoucet-bienetre.fr\/wordpress\/ckdo-noel\/\">\n\t\t\t\t\t\t\t<img decoding=\"async\" width=\"300\" height=\"200\" src=\"https:\/\/edoucet-bienetre.fr\/wordpress\/wp-content\/uploads\/2021\/11\/snowman-g07357fd95_1280-300x200.jpg\" class=\"attachment-medium size-medium wp-image-7787\" alt=\"\" srcset=\"https:\/\/edoucet-bienetre.fr\/wordpress\/wp-content\/uploads\/2021\/11\/snowman-g07357fd95_1280-300x200.jpg 300w, https:\/\/edoucet-bienetre.fr\/wordpress\/wp-content\/uploads\/2021\/11\/snowman-g07357fd95_1280-1024x683.jpg 1024w, https:\/\/edoucet-bienetre.fr\/wordpress\/wp-content\/uploads\/2021\/11\/snowman-g07357fd95_1280-768x512.jpg 768w, https:\/\/edoucet-bienetre.fr\/wordpress\/wp-content\/uploads\/2021\/11\/snowman-g07357fd95_1280-500x334.jpg 500w, https:\/\/edoucet-bienetre.fr\/wordpress\/wp-content\/uploads\/2021\/11\/snowman-g07357fd95_1280-800x534.jpg 800w, https:\/\/edoucet-bienetre.fr\/wordpress\/wp-content\/uploads\/2021\/11\/snowman-g07357fd95_1280.jpg 1280w\" sizes=\"(max-width: 300px) 100vw, 300px\" \/>\t\t\t\t\t\t\t\t<\/a>\n\t\t\t\t\t\t\t\t\t\t\t\t\t\t\t<\/div>\n\t\t\t\t<\/div>\n\t\t\t\t<div class=\"elementor-element elementor-element-5200c530 elementor-widget elementor-widget-heading\" data-id=\"5200c530\" data-element_type=\"widget\" data-widget_type=\"heading.default\">\n\t\t\t\t<div class=\"elementor-widget-container\">\n\t\t\t\t\t<h2 class=\"elementor-heading-title elementor-size-default\"><a href=\"https:\/\/edoucet-bienetre.fr\/wordpress\/ckdo-noel\/\">No\u00ebl<\/a><\/h2>\t\t\t\t<\/div>\n\t\t\t\t<\/div>\n\t\t\t\t\t<\/div>\n\t\t<\/div>\n\t\t\t\t<div class=\"elementor-column elementor-col-25 elementor-inner-column elementor-element elementor-element-26229dc\" data-id=\"26229dc\" data-element_type=\"column\">\n\t\t\t<div class=\"elementor-widget-wrap elementor-element-populated\">\n\t\t\t\t\t\t<div class=\"elementor-element elementor-element-106bccfd elementor-widget elementor-widget-image\" data-id=\"106bccfd\" data-element_type=\"widget\" data-widget_type=\"image.default\">\n\t\t\t\t<div class=\"elementor-widget-container\">\n\t\t\t\t\t\t\t\t\t\t\t\t\t\t\t\t<a href=\"https:\/\/edoucet-bienetre.fr\/wordpress\/ckdo-st-valentin\/\">\n\t\t\t\t\t\t\t<img loading=\"lazy\" decoding=\"async\" width=\"300\" height=\"200\" src=\"https:\/\/edoucet-bienetre.fr\/wordpress\/wp-content\/uploads\/2022\/05\/valentine-1953964_1280-300x200.jpg\" class=\"attachment-medium size-medium wp-image-11630\" alt=\"\" srcset=\"https:\/\/edoucet-bienetre.fr\/wordpress\/wp-content\/uploads\/2022\/05\/valentine-1953964_1280-300x200.jpg 300w, https:\/\/edoucet-bienetre.fr\/wordpress\/wp-content\/uploads\/2022\/05\/valentine-1953964_1280-1024x682.jpg 1024w, https:\/\/edoucet-bienetre.fr\/wordpress\/wp-content\/uploads\/2022\/05\/valentine-1953964_1280-768x512.jpg 768w, https:\/\/edoucet-bienetre.fr\/wordpress\/wp-content\/uploads\/2022\/05\/valentine-1953964_1280-500x333.jpg 500w, https:\/\/edoucet-bienetre.fr\/wordpress\/wp-content\/uploads\/2022\/05\/valentine-1953964_1280-800x533.jpg 800w, https:\/\/edoucet-bienetre.fr\/wordpress\/wp-content\/uploads\/2022\/05\/valentine-1953964_1280.jpg 1280w\" sizes=\"(max-width: 300px) 100vw, 300px\" \/>\t\t\t\t\t\t\t\t<\/a>\n\t\t\t\t\t\t\t\t\t\t\t\t\t\t\t<\/div>\n\t\t\t\t<\/div>\n\t\t\t\t<div class=\"elementor-element elementor-element-5c7b5737 elementor-widget elementor-widget-heading\" data-id=\"5c7b5737\" data-element_type=\"widget\" data-widget_type=\"heading.default\">\n\t\t\t\t<div class=\"elementor-widget-container\">\n\t\t\t\t\t<h2 class=\"elementor-heading-title elementor-size-default\"><a href=\"https:\/\/edoucet-bienetre.fr\/wordpress\/ckdo-st-valentin\/\">Saint-Valentin<\/a><\/h2>\t\t\t\t<\/div>\n\t\t\t\t<\/div>\n\t\t\t\t\t<\/div>\n\t\t<\/div>\n\t\t\t\t\t<\/div>\n\t\t<\/section>\n\t\t\t\t<\/div>\n\t\t","protected":false},"excerpt":{"rendered":"<p>Pour visualiser la carte-cadeau que vous souhaitez offrir cliquez sur l&rsquo;image Pour toute occasion F\u00eate des m\u00e8res &amp; F\u00eate des p\u00e8res No\u00ebl Saint-Valentin<\/p>\n","protected":false},"author":2,"featured_media":0,"parent":0,"menu_order":0,"comment_status":"closed","ping_status":"closed","template":"","meta":{"footnotes":""},"class_list":["post-12566","page","type-page","status-publish","hentry"],"_links":{"self":[{"href":"https:\/\/edoucet-bienetre.fr\/wordpress\/wp-json\/wp\/v2\/pages\/12566","targetHints":{"allow":["GET"]}}],"collection":[{"href":"https:\/\/edoucet-bienetre.fr\/wordpress\/wp-json\/wp\/v2\/pages"}],"about":[{"href":"https:\/\/edoucet-bienetre.fr\/wordpress\/wp-json\/wp\/v2\/types\/page"}],"author":[{"embeddable":true,"href":"https:\/\/edoucet-bienetre.fr\/wordpress\/wp-json\/wp\/v2\/users\/2"}],"replies":[{"embeddable":true,"href":"https:\/\/edoucet-bienetre.fr\/wordpress\/wp-json\/wp\/v2\/comments?post=12566"}],"version-history":[{"count":10,"href":"https:\/\/edoucet-bienetre.fr\/wordpress\/wp-json\/wp\/v2\/pages\/12566\/revisions"}],"predecessor-version":[{"id":12580,"href":"https:\/\/edoucet-bienetre.fr\/wordpress\/wp-json\/wp\/v2\/pages\/12566\/revisions\/12580"}],"wp:attachment":[{"href":"https:\/\/edoucet-bienetre.fr\/wordpress\/wp-json\/wp\/v2\/media?parent=12566"}],"curies":[{"name":"wp","href":"https:\/\/api.w.org\/{rel}","templated":true}]}}