{"id":316,"date":"2021-03-14T12:05:27","date_gmt":"2021-03-14T11:05:27","guid":{"rendered":"https:\/\/edoucet-bienetre.fr\/wordpress\/?page_id=316"},"modified":"2026-04-24T10:08:45","modified_gmt":"2026-04-24T08:08:45","slug":"entreprises","status":"publish","type":"page","link":"https:\/\/edoucet-bienetre.fr\/wordpress\/entreprises\/","title":{"rendered":"Devis"},"content":{"rendered":"\t\t<div data-elementor-type=\"wp-page\" data-elementor-id=\"316\" class=\"elementor elementor-316\">\n\t\t\t\t\t\t<section class=\"elementor-section elementor-top-section elementor-element elementor-element-d20fd5f elementor-section-full_width elementor-section-content-middle elementor-section-stretched elementor-section-height-default elementor-section-height-default\" data-id=\"d20fd5f\" data-element_type=\"section\" data-settings=\"{&quot;stretch_section&quot;:&quot;section-stretched&quot;}\">\n\t\t\t\t\t\t<div class=\"elementor-container elementor-column-gap-default\">\n\t\t\t\t\t<div class=\"elementor-column elementor-col-100 elementor-top-column elementor-element elementor-element-9a830de\" data-id=\"9a830de\" data-element_type=\"column\">\n\t\t\t<div class=\"elementor-widget-wrap elementor-element-populated\">\n\t\t\t\t\t\t<div class=\"elementor-element elementor-element-06274a9 elementor-widget-divider--view-line_text elementor-widget-divider--element-align-center elementor-widget elementor-widget-divider\" data-id=\"06274a9\" data-element_type=\"widget\" data-widget_type=\"divider.default\">\n\t\t\t\t<div class=\"elementor-widget-container\">\n\t\t\t\t\t\t\t<div class=\"elementor-divider\">\n\t\t\t<span class=\"elementor-divider-separator\">\n\t\t\t\t\t\t\t<span class=\"elementor-divider__text elementor-divider__element\">\n\t\t\t\tDemande de Devis\t\t\t\t<\/span>\n\t\t\t\t\t\t<\/span>\n\t\t<\/div>\n\t\t\t\t\t\t<\/div>\n\t\t\t\t<\/div>\n\t\t\t\t\t<\/div>\n\t\t<\/div>\n\t\t\t\t\t<\/div>\n\t\t<\/section>\n\t\t\t\t<section class=\"elementor-section elementor-top-section elementor-element elementor-element-def317b elementor-section-boxed elementor-section-height-default elementor-section-height-default\" data-id=\"def317b\" data-element_type=\"section\">\n\t\t\t\t\t\t<div class=\"elementor-container elementor-column-gap-default\">\n\t\t\t\t\t<div class=\"elementor-column elementor-col-100 elementor-top-column elementor-element elementor-element-1d52023\" data-id=\"1d52023\" data-element_type=\"column\">\n\t\t\t<div class=\"elementor-widget-wrap elementor-element-populated\">\n\t\t\t\t\t\t<div class=\"elementor-element elementor-element-b1ce406 elementor-widget elementor-widget-text-editor\" data-id=\"b1ce406\" data-element_type=\"widget\" data-widget_type=\"text-editor.default\">\n\t\t\t\t<div class=\"elementor-widget-container\">\n\t\t\t\t\t\t\t\t\t<p style=\"text-align: left;\">Pour toute demande de devis, contactez-moi via ce formulaire.<\/p><p style=\"text-align: left;\">Je vous r\u00e9pondrai dans les meilleurs d\u00e9lais. Merci.<\/p>\t\t\t\t\t\t\t\t<\/div>\n\t\t\t\t<\/div>\n\t\t\t\t\t<\/div>\n\t\t<\/div>\n\t\t\t\t\t<\/div>\n\t\t<\/section>\n\t\t\t\t<section class=\"elementor-section elementor-top-section elementor-element elementor-element-5d6a2c5 elementor-section-boxed elementor-section-height-default elementor-section-height-default\" data-id=\"5d6a2c5\" data-element_type=\"section\">\n\t\t\t\t\t\t<div class=\"elementor-container elementor-column-gap-default\">\n\t\t\t\t\t<div class=\"elementor-column elementor-col-100 elementor-top-column elementor-element elementor-element-bdd7d61\" data-id=\"bdd7d61\" data-element_type=\"column\">\n\t\t\t<div class=\"elementor-widget-wrap elementor-element-populated\">\n\t\t\t\t\t\t<div class=\"elementor-element elementor-element-bf62a84 elementor-widget elementor-widget-wpforms\" data-id=\"bf62a84\" data-element_type=\"widget\" data-widget_type=\"wpforms.default\">\n\t\t\t\t<div class=\"elementor-widget-container\">\n\t\t\t\t\t<div class=\"wpforms-container wpforms-container-full wpforms-render-modern\" id=\"wpforms-11920\"><form id=\"wpforms-form-11920\" class=\"wpforms-validate wpforms-form wpforms-ajax-form\" data-formid=\"11920\" method=\"post\" enctype=\"multipart\/form-data\" action=\"\/wordpress\/wp-json\/wp\/v2\/pages\/316\" data-token=\"a9ed8e6e6a514e638fae357428e9cac1\" data-token-time=\"1777563852\"><noscript class=\"wpforms-error-noscript\">Veuillez activer JavaScript dans votre navigateur pour remplir ce formulaire.<\/noscript><div id=\"wpforms-error-noscript\" style=\"display: none;\">Veuillez activer JavaScript dans votre navigateur pour remplir ce formulaire.<\/div><div class=\"wpforms-field-container\"><div id=\"wpforms-11920-field_9-container\" class=\"wpforms-field wpforms-field-select wpforms-field-select-style-classic\" data-field-id=\"9\"><label class=\"wpforms-field-label\" for=\"wpforms-11920-field_9\">Vous \u00eates :  <span class=\"wpforms-required-label\" aria-hidden=\"true\">*<\/span><\/label><select id=\"wpforms-11920-field_9\" class=\"wpforms-field-medium wpforms-field-required\" name=\"wpforms[fields][9]\" required=\"required\"><option value=\"\" class=\"placeholder\" disabled  selected='selected'>--- S\u00e9lectionner un choix ---<\/option><option value=\"-- Veuillez choisir 1 option --\" >-- Veuillez choisir 1 option --<\/option><option value=\"Une entreprise\" >Une entreprise<\/option><option value=\"Une r\u00e9sidence non m\u00e9dicalis\u00e9e\" >Une r\u00e9sidence non m\u00e9dicalis\u00e9e<\/option><option value=\"Un EHPAD\" >Un EHPAD<\/option><option value=\"Un particulier\" >Un particulier<\/option><option value=\"AUTRE\" >AUTRE<\/option><\/select><\/div><div id=\"wpforms-11920-field_1-container\" class=\"wpforms-field wpforms-field-name\" data-field-id=\"1\"><label class=\"wpforms-field-label\" for=\"wpforms-11920-field_1\">Nom de l&#039;\u00e9tablissement \/ entreprise<\/label><input type=\"text\" id=\"wpforms-11920-field_1\" class=\"wpforms-field-medium\" name=\"wpforms[fields][1]\" aria-errormessage=\"wpforms-11920-field_1-error\" ><\/div><div id=\"wpforms-11920-field_4-container\" class=\"wpforms-field wpforms-field-name\" data-field-id=\"4\"><fieldset><legend class=\"wpforms-field-label\">Nom <span class=\"wpforms-required-label\" aria-hidden=\"true\">*<\/span><\/legend><div class=\"wpforms-field-row wpforms-field-medium\"><div class=\"wpforms-field-row-block wpforms-first wpforms-one-half\"><input type=\"text\" id=\"wpforms-11920-field_4\" class=\"wpforms-field-name-first wpforms-field-required\" name=\"wpforms[fields][4][first]\" aria-errormessage=\"wpforms-11920-field_4-error\" required><label for=\"wpforms-11920-field_4\" class=\"wpforms-field-sublabel after\">Pr\u00e9nom<\/label><\/div><div class=\"wpforms-field-row-block wpforms-one-half\"><input type=\"text\" id=\"wpforms-11920-field_4-last\" class=\"wpforms-field-name-last wpforms-field-required\" name=\"wpforms[fields][4][last]\" aria-errormessage=\"wpforms-11920-field_4-last-error\" required><label for=\"wpforms-11920-field_4-last\" class=\"wpforms-field-sublabel after\">Nom<\/label><\/div><\/div><\/fieldset><\/div><div id=\"wpforms-11920-field_12-container\" class=\"wpforms-field wpforms-field-name\" data-field-id=\"12\"><label class=\"wpforms-field-label\" for=\"wpforms-11920-field_12\">Adresse <span class=\"wpforms-required-label\" aria-hidden=\"true\">*<\/span><\/label><input type=\"text\" id=\"wpforms-11920-field_12\" class=\"wpforms-field-medium wpforms-field-required\" name=\"wpforms[fields][12]\" aria-errormessage=\"wpforms-11920-field_12-error\" aria-describedby=\"wpforms-11920-field_12-description\" required><div id=\"wpforms-11920-field_12-description\" class=\"wpforms-field-description\">Indiquer ADRESSE \/ CP \/ VILLE<\/div><\/div><div id=\"wpforms-11920-field_5-container\" class=\"wpforms-field wpforms-field-number\" data-field-id=\"5\"><label class=\"wpforms-field-label\" for=\"wpforms-11920-field_5\">T\u00e9l\u00e9phone <span class=\"wpforms-required-label\" aria-hidden=\"true\">*<\/span><\/label><input type=\"number\" id=\"wpforms-11920-field_5\" class=\"wpforms-field-medium wpforms-field-required\" name=\"wpforms[fields][5]\" step=\"any\" aria-errormessage=\"wpforms-11920-field_5-error\" required><\/div><div id=\"wpforms-11920-field_2-container\" class=\"wpforms-field wpforms-field-email\" data-field-id=\"2\"><label class=\"wpforms-field-label\" for=\"wpforms-11920-field_2\">E-mail <span class=\"wpforms-required-label\" aria-hidden=\"true\">*<\/span><\/label><input type=\"email\" id=\"wpforms-11920-field_2\" class=\"wpforms-field-medium wpforms-field-required\" name=\"wpforms[fields][2]\" spellcheck=\"false\" aria-errormessage=\"wpforms-11920-field_2-error\" required><\/div>\t\t<div id=\"wpforms-11920-field_8-container\"\n\t\t\tclass=\"wpforms-field wpforms-field-text\"\n\t\t\tdata-field-type=\"text\"\n\t\t\tdata-field-id=\"8\"\n\t\t\t>\n\t\t\t<label class=\"wpforms-field-label\" for=\"wpforms-11920-field_8\" >l&#039;\u00e9tablissement \u00eates ou<\/label>\n\t\t\t<input type=\"text\" id=\"wpforms-11920-field_8\" class=\"wpforms-field-medium\" name=\"wpforms[fields][8]\" >\n\t\t<\/div>\n\t\t<div id=\"wpforms-11920-field_6-container\" class=\"wpforms-field wpforms-field-select wpforms-field-select-style-classic\" data-field-id=\"6\"><label class=\"wpforms-field-label\" for=\"wpforms-11920-field_6\">Objet : <span class=\"wpforms-required-label\" aria-hidden=\"true\">*<\/span><\/label><select id=\"wpforms-11920-field_6\" class=\"wpforms-field-medium wpforms-field-required\" name=\"wpforms[fields][6]\" required=\"required\"><option value=\"-- Veuillez choisir 1 option --\"  selected='selected'>-- Veuillez choisir 1 option --<\/option><option value=\"Demande de renseignements\" >Demande de renseignements<\/option><option value=\"Devis Amma Assis\" >Devis Amma Assis<\/option><option value=\"Devis Massages sur table\" >Devis Massages sur table<\/option><option value=\"Devis personnalis\u00e9\" >Devis personnalis\u00e9<\/option><\/select><\/div><div id=\"wpforms-11920-field_11-container\" class=\"wpforms-field wpforms-field-text\" data-field-id=\"11\"><label class=\"wpforms-field-label\" for=\"wpforms-11920-field_11\">Date de la prestation<\/label><input type=\"text\" id=\"wpforms-11920-field_11\" class=\"wpforms-field-medium\" name=\"wpforms[fields][11]\" aria-errormessage=\"wpforms-11920-field_11-error\" aria-describedby=\"wpforms-11920-field_11-description\" ><div id=\"wpforms-11920-field_11-description\" class=\"wpforms-field-description\">Compter un d\u00e9lai d'un mois<\/div><\/div><div id=\"wpforms-11920-field_10-container\" class=\"wpforms-field wpforms-field-number-slider\" data-field-id=\"10\"><label class=\"wpforms-field-label\" for=\"wpforms-11920-field_10\">Nombre de personnes<\/label>\n<input\n\ttype=\"range\"\n\tid=\"wpforms-11920-field_10\" class=\"wpforms-field-medium\" name=\"wpforms[fields][10]\" value=\"0\" aria-errormessage=\"wpforms-11920-field_10-error\" aria-describedby=\"wpforms-11920-field_10-description\"\t\tmin=\"0\"\n\tmax=\"20\"\n\tstep=\"1\">\n\n<div class=\"wpforms-field-number-slider-hint\"\n\tdata-hint=\"Valeur s\u00e9lectionn\u00e9e\u00a0: {value}\">\n\tValeur s\u00e9lectionn\u00e9e\u00a0: <b>0<\/b><\/div>\n<div id=\"wpforms-11920-field_10-description\" class=\"wpforms-field-description\">Indiquer le nombre de personnes participant \u00e0 la prestation<\/div><\/div><div id=\"wpforms-11920-field_3-container\" class=\"wpforms-field wpforms-field-textarea\" data-field-id=\"3\"><label class=\"wpforms-field-label\" for=\"wpforms-11920-field_3\">Commentaire ou message (facultatif)<\/label><textarea id=\"wpforms-11920-field_3\" class=\"wpforms-field-medium\" name=\"wpforms[fields][3]\" aria-errormessage=\"wpforms-11920-field_3-error\" ><\/textarea><\/div><div id=\"wpforms-11920-field_7-container\" class=\"wpforms-field wpforms-field-checkbox\" data-field-id=\"7\"><fieldset><legend class=\"wpforms-field-label\">J&#039;accepte  <span class=\"wpforms-required-label\" aria-hidden=\"true\">*<\/span><\/legend><ul id=\"wpforms-11920-field_7\" class=\"wpforms-field-required\"><li class=\"choice-1 depth-1\"><input type=\"checkbox\" id=\"wpforms-11920-field_7_1\" name=\"wpforms[fields][7][]\" value=\"les CGV &amp; la Politique de Confidentialit\u00e9 (RGPD)*\" aria-errormessage=\"wpforms-11920-field_7_1-error\" required ><label class=\"wpforms-field-label-inline\" for=\"wpforms-11920-field_7_1\">les CGV &amp; la Politique de Confidentialit\u00e9 (RGPD)*<\/label><\/li><\/ul><\/fieldset><\/div><script>\n\t\t\t\t( function() {\n\t\t\t\t\tconst style = document.createElement( 'style' );\n\t\t\t\t\tstyle.appendChild( document.createTextNode( '#wpforms-11920-field_8-container { position: absolute !important; overflow: hidden !important; display: inline !important; height: 1px !important; width: 1px !important; z-index: -1000 !important; padding: 0 !important; } #wpforms-11920-field_8-container input { visibility: hidden; } #wpforms-conversational-form-page #wpforms-11920-field_8-container label { counter-increment: none; }' ) );\n\t\t\t\t\tdocument.head.appendChild( style );\n\t\t\t\t\tdocument.currentScript?.remove();\n\t\t\t\t} )();\n\t\t\t<\/script><\/div><!-- .wpforms-field-container --><div class=\"wpforms-submit-container\" ><input type=\"hidden\" name=\"wpforms[id]\" value=\"11920\"><input type=\"hidden\" name=\"page_title\" value=\"\"><input type=\"hidden\" name=\"page_url\" value=\"https:\/\/edoucet-bienetre.fr\/wordpress\/wp-json\/wp\/v2\/pages\/316\"><input type=\"hidden\" name=\"url_referer\" value=\"\"><button type=\"submit\" name=\"wpforms[submit]\" id=\"wpforms-submit-11920\" class=\"wpforms-submit\" data-alt-text=\"En cours...\" data-submit-text=\"Envoyer\" aria-live=\"assertive\" value=\"wpforms-submit\">Envoyer<\/button><img decoding=\"async\" src=\"https:\/\/edoucet-bienetre.fr\/wordpress\/wp-content\/plugins\/wpforms-lite\/assets\/images\/submit-spin.svg\" class=\"wpforms-submit-spinner\" style=\"display: none;\" width=\"26\" height=\"26\" alt=\"Chargement en cours\"><\/div><\/form><\/div>  <!-- .wpforms-container -->\t\t\t\t<\/div>\n\t\t\t\t<\/div>\n\t\t\t\t\t<\/div>\n\t\t<\/div>\n\t\t\t\t\t<\/div>\n\t\t<\/section>\n\t\t\t\t<section class=\"elementor-section elementor-top-section elementor-element elementor-element-b28e2cc elementor-section-boxed elementor-section-height-default elementor-section-height-default\" data-id=\"b28e2cc\" data-element_type=\"section\">\n\t\t\t\t\t\t<div class=\"elementor-container elementor-column-gap-default\">\n\t\t\t\t\t<div class=\"elementor-column elementor-col-100 elementor-top-column elementor-element elementor-element-845cee2\" data-id=\"845cee2\" data-element_type=\"column\">\n\t\t\t<div class=\"elementor-widget-wrap elementor-element-populated\">\n\t\t\t\t\t\t<div class=\"elementor-element elementor-element-daafd9d elementor-widget elementor-widget-text-editor\" data-id=\"daafd9d\" data-element_type=\"widget\" data-widget_type=\"text-editor.default\">\n\t\t\t\t<div class=\"elementor-widget-container\">\n\t\t\t\t\t\t\t\t\t<p>*Consultation des <a href=\"https:\/\/edoucet-bienetre.fr\/wordpress\/cgv\">CGV (Conditions G\u00e9n\u00e9rales de Vente)<\/a>\u00a0et <a href=\"https:\/\/edoucet-bienetre.fr\/wordpress\/wp-content\/uploads\/2021\/05\/politique-de-confidentialite-2.pdf\">Politique de Confidentialit\u00e9.<\/a><\/p>\t\t\t\t\t\t\t\t<\/div>\n\t\t\t\t<\/div>\n\t\t\t\t\t<\/div>\n\t\t<\/div>\n\t\t\t\t\t<\/div>\n\t\t<\/section>\n\t\t\t\t<\/div>\n\t\t","protected":false},"excerpt":{"rendered":"<p>Demande de Devis Pour toute demande de devis, contactez-moi via ce formulaire. Je vous r\u00e9pondrai dans les meilleurs d\u00e9lais. Merci. Veuillez activer JavaScript dans votre navigateur pour remplir ce formulaire.Veuillez activer JavaScript dans votre navigateur pour remplir ce formulaire.Vous \u00eates : *&#8212; S\u00e9lectionner un choix &#8212;&#8212; Veuillez choisir 1 option &#8212;Une entrepriseUne r\u00e9sidence non m\u00e9dicalis\u00e9eUn <a class=\"read-more\" href=\"https:\/\/edoucet-bienetre.fr\/wordpress\/entreprises\/\">READ MORE<\/a><\/p>\n","protected":false},"author":2,"featured_media":0,"parent":0,"menu_order":0,"comment_status":"closed","ping_status":"closed","template":"","meta":{"footnotes":""},"class_list":["post-316","page","type-page","status-publish","hentry"],"_links":{"self":[{"href":"https:\/\/edoucet-bienetre.fr\/wordpress\/wp-json\/wp\/v2\/pages\/316","targetHints":{"allow":["GET"]}}],"collection":[{"href":"https:\/\/edoucet-bienetre.fr\/wordpress\/wp-json\/wp\/v2\/pages"}],"about":[{"href":"https:\/\/edoucet-bienetre.fr\/wordpress\/wp-json\/wp\/v2\/types\/page"}],"author":[{"embeddable":true,"href":"https:\/\/edoucet-bienetre.fr\/wordpress\/wp-json\/wp\/v2\/users\/2"}],"replies":[{"embeddable":true,"href":"https:\/\/edoucet-bienetre.fr\/wordpress\/wp-json\/wp\/v2\/comments?post=316"}],"version-history":[{"count":165,"href":"https:\/\/edoucet-bienetre.fr\/wordpress\/wp-json\/wp\/v2\/pages\/316\/revisions"}],"predecessor-version":[{"id":12665,"href":"https:\/\/edoucet-bienetre.fr\/wordpress\/wp-json\/wp\/v2\/pages\/316\/revisions\/12665"}],"wp:attachment":[{"href":"https:\/\/edoucet-bienetre.fr\/wordpress\/wp-json\/wp\/v2\/media?parent=316"}],"curies":[{"name":"wp","href":"https:\/\/api.w.org\/{rel}","templated":true}]}}