{"id":3618,"date":"2021-05-13T15:33:42","date_gmt":"2021-05-13T13:33:42","guid":{"rendered":"https:\/\/edoucet-bienetre.fr\/wordpress\/?page_id=3618"},"modified":"2026-01-04T19:17:47","modified_gmt":"2026-01-04T18:17:47","slug":"mentions-legales","status":"publish","type":"page","link":"https:\/\/edoucet-bienetre.fr\/wordpress\/mentions-legales\/","title":{"rendered":"Mentions L\u00e9gales"},"content":{"rendered":"\t\t<div data-elementor-type=\"wp-page\" data-elementor-id=\"3618\" class=\"elementor elementor-3618\">\n\t\t\t\t\t\t<section class=\"elementor-section elementor-top-section elementor-element elementor-element-ded4cf1 elementor-section-boxed elementor-section-height-default elementor-section-height-default\" data-id=\"ded4cf1\" data-element_type=\"section\">\n\t\t\t\t\t\t<div class=\"elementor-container elementor-column-gap-default\">\n\t\t\t\t\t<div class=\"elementor-column elementor-col-100 elementor-top-column elementor-element elementor-element-f0d0365\" data-id=\"f0d0365\" data-element_type=\"column\">\n\t\t\t<div class=\"elementor-widget-wrap elementor-element-populated\">\n\t\t\t\t\t\t<div class=\"elementor-element elementor-element-05a1945 elementor-widget elementor-widget-heading\" data-id=\"05a1945\" data-element_type=\"widget\" data-widget_type=\"heading.default\">\n\t\t\t\t<div class=\"elementor-widget-container\">\n\t\t\t\t\t<h2 class=\"elementor-heading-title elementor-size-default\">MENTIONS LEGALES<\/h2>\t\t\t\t<\/div>\n\t\t\t\t<\/div>\n\t\t\t\t\t<\/div>\n\t\t<\/div>\n\t\t\t\t\t<\/div>\n\t\t<\/section>\n\t\t\t\t<section class=\"elementor-section elementor-top-section elementor-element elementor-element-05c6f5e elementor-section-boxed elementor-section-height-default elementor-section-height-default\" data-id=\"05c6f5e\" data-element_type=\"section\">\n\t\t\t\t\t\t<div class=\"elementor-container elementor-column-gap-default\">\n\t\t\t\t\t<div class=\"elementor-column elementor-col-100 elementor-top-column elementor-element elementor-element-bb04c97\" data-id=\"bb04c97\" data-element_type=\"column\">\n\t\t\t<div class=\"elementor-widget-wrap elementor-element-populated\">\n\t\t\t\t\t\t<div class=\"elementor-element elementor-element-16ba5db elementor-view-default elementor-widget elementor-widget-icon\" data-id=\"16ba5db\" data-element_type=\"widget\" data-widget_type=\"icon.default\">\n\t\t\t\t<div class=\"elementor-widget-container\">\n\t\t\t\t\t\t\t<div class=\"elementor-icon-wrapper\">\n\t\t\t<div class=\"elementor-icon\">\n\t\t\t<i aria-hidden=\"true\" class=\"fas fa-address-card\"><\/i>\t\t\t<\/div>\n\t\t<\/div>\n\t\t\t\t\t\t<\/div>\n\t\t\t\t<\/div>\n\t\t\t\t<div class=\"elementor-element elementor-element-1bc8094 elementor-widget elementor-widget-text-editor\" data-id=\"1bc8094\" data-element_type=\"widget\" data-widget_type=\"text-editor.default\">\n\t\t\t\t<div class=\"elementor-widget-container\">\n\t\t\t\t\t\t\t\t\t<p style=\"text-align: center;\"><strong>EI Estelle Doucet &#8211; Praticienne en Massages BIen-Etre<\/strong><\/p><p style=\"text-align: center;\">22 Rue de nuisement 78730 Saint-Arnoult-en-Yvelines<\/p><p style=\"text-align: center;\"><strong>06 29 63 25 55 \/ <\/strong><strong>edoucet.bienetre@gmail.com<\/strong><\/p>\t\t\t\t\t\t\t\t<\/div>\n\t\t\t\t<\/div>\n\t\t\t\t\t<\/div>\n\t\t<\/div>\n\t\t\t\t<div class=\"elementor-column elementor-col-100 elementor-top-column elementor-element elementor-element-aa86242\" data-id=\"aa86242\" data-element_type=\"column\">\n\t\t\t<div class=\"elementor-widget-wrap elementor-element-populated\">\n\t\t\t\t\t\t<div class=\"elementor-element elementor-element-fa13756 elementor-view-default elementor-widget elementor-widget-icon\" data-id=\"fa13756\" data-element_type=\"widget\" data-widget_type=\"icon.default\">\n\t\t\t\t<div class=\"elementor-widget-container\">\n\t\t\t\t\t\t\t<div class=\"elementor-icon-wrapper\">\n\t\t\t<div class=\"elementor-icon\">\n\t\t\t<i aria-hidden=\"true\" class=\"fas fa-laptop-house\"><\/i>\t\t\t<\/div>\n\t\t<\/div>\n\t\t\t\t\t\t<\/div>\n\t\t\t\t<\/div>\n\t\t\t\t<div class=\"elementor-element elementor-element-c7eac72 elementor-widget elementor-widget-text-editor\" data-id=\"c7eac72\" data-element_type=\"widget\" data-widget_type=\"text-editor.default\">\n\t\t\t\t<div class=\"elementor-widget-container\">\n\t\t\t\t\t\t\t\t\t<p style=\"text-align: center;\">Le site internet<strong> https:\/\/edoucet-bienetre.fr<\/strong><\/p><p style=\"text-align: center;\">est la propri\u00e9t\u00e9 de Estelle DOUCET<\/p>\t\t\t\t\t\t\t\t<\/div>\n\t\t\t\t<\/div>\n\t\t\t\t<div class=\"elementor-element elementor-element-4ec6246 elementor-hidden-tablet elementor-hidden-phone elementor-widget-divider--view-line elementor-widget elementor-widget-divider\" data-id=\"4ec6246\" data-element_type=\"widget\" data-widget_type=\"divider.default\">\n\t\t\t\t<div class=\"elementor-widget-container\">\n\t\t\t\t\t\t\t<div class=\"elementor-divider\">\n\t\t\t<span class=\"elementor-divider-separator\">\n\t\t\t\t\t\t<\/span>\n\t\t<\/div>\n\t\t\t\t\t\t<\/div>\n\t\t\t\t<\/div>\n\t\t\t\t<div class=\"elementor-element elementor-element-9ad1ee1 elementor-hidden-desktop elementor-widget-divider--view-line elementor-widget elementor-widget-divider\" data-id=\"9ad1ee1\" data-element_type=\"widget\" data-widget_type=\"divider.default\">\n\t\t\t\t<div class=\"elementor-widget-container\">\n\t\t\t\t\t\t\t<div class=\"elementor-divider\">\n\t\t\t<span class=\"elementor-divider-separator\">\n\t\t\t\t\t\t<\/span>\n\t\t<\/div>\n\t\t\t\t\t\t<\/div>\n\t\t\t\t<\/div>\n\t\t\t\t<div class=\"elementor-element elementor-element-6dccaa2 elementor-widget elementor-widget-text-editor\" data-id=\"6dccaa2\" data-element_type=\"widget\" data-widget_type=\"text-editor.default\">\n\t\t\t\t<div class=\"elementor-widget-container\">\n\t\t\t\t\t\t\t\t\t<p><strong>H\u00e9bergement Site Internet :<\/strong><\/p><p><strong>PulseHeberg &#8211;\u00a0<\/strong>55, Avenue des Champs Pierreux 92012 Nanterre Cedex<\/p>\t\t\t\t\t\t\t\t<\/div>\n\t\t\t\t<\/div>\n\t\t\t\t\t<\/div>\n\t\t<\/div>\n\t\t\t\t\t<\/div>\n\t\t<\/section>\n\t\t\t\t<section class=\"elementor-section elementor-top-section elementor-element elementor-element-5464309 elementor-section-boxed elementor-section-height-default elementor-section-height-default\" data-id=\"5464309\" data-element_type=\"section\">\n\t\t\t\t\t\t<div class=\"elementor-container elementor-column-gap-default\">\n\t\t\t\t\t<div class=\"elementor-column elementor-col-100 elementor-top-column elementor-element elementor-element-1e81a88\" data-id=\"1e81a88\" data-element_type=\"column\">\n\t\t\t<div class=\"elementor-widget-wrap elementor-element-populated\">\n\t\t\t\t\t\t<div class=\"elementor-element elementor-element-b1bac2b elementor-view-default elementor-widget elementor-widget-icon\" data-id=\"b1bac2b\" data-element_type=\"widget\" data-widget_type=\"icon.default\">\n\t\t\t\t<div class=\"elementor-widget-container\">\n\t\t\t\t\t\t\t<div class=\"elementor-icon-wrapper\">\n\t\t\t<div class=\"elementor-icon\">\n\t\t\t<i aria-hidden=\"true\" class=\"fas fa-user-graduate\"><\/i>\t\t\t<\/div>\n\t\t<\/div>\n\t\t\t\t\t\t<\/div>\n\t\t\t\t<\/div>\n\t\t\t\t\t<\/div>\n\t\t<\/div>\n\t\t\t\t\t<\/div>\n\t\t<\/section>\n\t\t\t\t<section class=\"elementor-section elementor-top-section elementor-element elementor-element-7739b6a elementor-section-boxed elementor-section-height-default elementor-section-height-default\" data-id=\"7739b6a\" data-element_type=\"section\">\n\t\t\t\t\t\t<div class=\"elementor-container elementor-column-gap-default\">\n\t\t\t\t\t<div class=\"elementor-column elementor-col-100 elementor-top-column elementor-element elementor-element-7b26de3\" data-id=\"7b26de3\" data-element_type=\"column\">\n\t\t\t<div class=\"elementor-widget-wrap elementor-element-populated\">\n\t\t\t\t\t\t<div class=\"elementor-element elementor-element-0d8c9df elementor-widget elementor-widget-text-editor\" data-id=\"0d8c9df\" data-element_type=\"widget\" data-widget_type=\"text-editor.default\">\n\t\t\t\t<div class=\"elementor-widget-container\">\n\t\t\t\t\t\t\t\t\t<p><strong>Formations et certifications effectu\u00e9es \u00e0 :<\/strong><\/p><p><strong><a href=\"https:\/\/www.formations-massages.fr\/\">LA MAISON DU LOTUS\u00a0<\/a><\/strong><\/p><p>130 Avenue Joseph Kessel 78960 Voisins-Le-Bretonneux<\/p>\t\t\t\t\t\t\t\t<\/div>\n\t\t\t\t<\/div>\n\t\t\t\t<div class=\"elementor-element elementor-element-1bfbf2b elementor-hidden-desktop elementor-hidden-tablet elementor-hidden-phone elementor-widget elementor-widget-text-editor\" data-id=\"1bfbf2b\" data-element_type=\"widget\" data-widget_type=\"text-editor.default\">\n\t\t\t\t<div class=\"elementor-widget-container\">\n\t\t\t\t\t\t\t\t\t<p><strong>Agr\u00e9ment re\u00e7u de :<\/strong><\/p><p><a href=\"https:\/\/ffmbe.fr\/\"><strong>La FFMBE<\/strong><\/a><\/p><p>(F\u00e9d\u00e9ration Fran\u00e7aise du Massage Bien-Etre)<\/p>\t\t\t\t\t\t\t\t<\/div>\n\t\t\t\t<\/div>\n\t\t\t\t\t<\/div>\n\t\t<\/div>\n\t\t\t\t\t<\/div>\n\t\t<\/section>\n\t\t\t\t<section class=\"elementor-section elementor-top-section elementor-element elementor-element-e70aeae elementor-section-boxed elementor-section-height-default elementor-section-height-default\" data-id=\"e70aeae\" data-element_type=\"section\">\n\t\t\t\t\t\t<div class=\"elementor-container elementor-column-gap-default\">\n\t\t\t\t\t\t<\/div>\n\t\t<\/section>\n\t\t\t\t<\/div>\n\t\t","protected":false},"excerpt":{"rendered":"<p>MENTIONS LEGALES EI Estelle Doucet &#8211; Praticienne en Massages BIen-Etre 22 Rue de nuisement 78730 Saint-Arnoult-en-Yvelines 06 29 63 25 55 \/ edoucet.bienetre@gmail.com Le site internet https:\/\/edoucet-bienetre.fr est la propri\u00e9t\u00e9 de Estelle DOUCET H\u00e9bergement Site Internet : PulseHeberg &#8211;\u00a055, Avenue des Champs Pierreux 92012 Nanterre Cedex Formations et certifications effectu\u00e9es \u00e0 : LA MAISON DU <a class=\"read-more\" href=\"https:\/\/edoucet-bienetre.fr\/wordpress\/mentions-legales\/\">READ MORE<\/a><\/p>\n","protected":false},"author":2,"featured_media":0,"parent":0,"menu_order":0,"comment_status":"closed","ping_status":"closed","template":"","meta":{"footnotes":""},"class_list":["post-3618","page","type-page","status-publish","hentry"],"_links":{"self":[{"href":"https:\/\/edoucet-bienetre.fr\/wordpress\/wp-json\/wp\/v2\/pages\/3618","targetHints":{"allow":["GET"]}}],"collection":[{"href":"https:\/\/edoucet-bienetre.fr\/wordpress\/wp-json\/wp\/v2\/pages"}],"about":[{"href":"https:\/\/edoucet-bienetre.fr\/wordpress\/wp-json\/wp\/v2\/types\/page"}],"author":[{"embeddable":true,"href":"https:\/\/edoucet-bienetre.fr\/wordpress\/wp-json\/wp\/v2\/users\/2"}],"replies":[{"embeddable":true,"href":"https:\/\/edoucet-bienetre.fr\/wordpress\/wp-json\/wp\/v2\/comments?post=3618"}],"version-history":[{"count":64,"href":"https:\/\/edoucet-bienetre.fr\/wordpress\/wp-json\/wp\/v2\/pages\/3618\/revisions"}],"predecessor-version":[{"id":12494,"href":"https:\/\/edoucet-bienetre.fr\/wordpress\/wp-json\/wp\/v2\/pages\/3618\/revisions\/12494"}],"wp:attachment":[{"href":"https:\/\/edoucet-bienetre.fr\/wordpress\/wp-json\/wp\/v2\/media?parent=3618"}],"curies":[{"name":"wp","href":"https:\/\/api.w.org\/{rel}","templated":true}]}}